{"id":7,"date":"2018-08-01T18:15:33","date_gmt":"2018-08-01T18:15:33","guid":{"rendered":"http:\/\/www.saltacapital.com.ar\/salta\/?page_id=7"},"modified":"2026-01-10T13:17:09","modified_gmt":"2026-01-10T16:17:09","slug":"desarrollos","status":"publish","type":"page","link":"https:\/\/www.saltacapital.com.ar\/salta\/desarrollos\/","title":{"rendered":"Desarrollos"},"content":{"rendered":"<p><span style=\"color: #000000;\"><strong>EDIFICIOS<\/strong><\/span><span style=\"color: #000000;\"><strong>:<\/strong><\/span><\/p>\n<ul>\n<li><span style=\"color: #000000;\">En estudio de adquirir terrenos para desarrollar (Salta). <em>En estudio<\/em><\/span><\/li>\n<\/ul>\n<p><span style=\"color: #000000;\"><strong>TERRENOS:<\/strong><\/span><\/p>\n<ul>\n<li>En proyecto (Salta)<\/li>\n<\/ul>\n<p><span style=\"color: #000000;\"><strong>CASAS:<\/strong><\/span><\/p>\n<ul>\n<li><span style=\"color: #3366ff;\"><strong>TU\u00a0CASA<\/strong><strong> FINANCIADA<\/strong><\/span> hasta 120 cuotas: (Cons\u00faltenos)\n<ul>\n<li>Terreno + Construcci\u00f3n<\/li>\n<li>S\u00f3lo construcci\u00f3n<\/li>\n<\/ul>\n<\/li>\n<\/ul>\n<p><span style=\"color: #000000;\">M\u00e1s info: <strong>salta@saltacapital.com.ar<\/strong><\/span><\/p>\n<ul>\n<li><span style=\"color: #000000;\"><strong>Otros proyectos:<\/strong>\u00a0Formaci\u00f3n de pozo de inversi\u00f3n para compra de terreno para desarrollar (Inversi\u00f3n en <strong>M2<\/strong>).<\/span><\/li>\n<\/ul>\n","protected":false},"excerpt":{"rendered":"<p>EDIFICIOS: En estudio de adquirir terrenos para desarrollar (Salta). En estudio TERRENOS: En proyecto (Salta) CASAS: TU\u00a0CASA FINANCIADA hasta 120 cuotas: (Cons\u00faltenos) Terreno + Construcci\u00f3n S\u00f3lo construcci\u00f3n M\u00e1s info: salta@saltacapital.com.ar Otros proyectos:\u00a0Formaci\u00f3n de pozo de inversi\u00f3n para compra de terreno para desarrollar (Inversi\u00f3n en M2).<\/p>\n","protected":false},"author":1,"featured_media":0,"parent":0,"menu_order":0,"comment_status":"closed","ping_status":"closed","template":"","meta":{"footnotes":""},"class_list":["post-7","page","type-page","status-publish","hentry"],"_links":{"self":[{"href":"https:\/\/www.saltacapital.com.ar\/salta\/wp-json\/wp\/v2\/pages\/7","targetHints":{"allow":["GET"]}}],"collection":[{"href":"https:\/\/www.saltacapital.com.ar\/salta\/wp-json\/wp\/v2\/pages"}],"about":[{"href":"https:\/\/www.saltacapital.com.ar\/salta\/wp-json\/wp\/v2\/types\/page"}],"author":[{"embeddable":true,"href":"https:\/\/www.saltacapital.com.ar\/salta\/wp-json\/wp\/v2\/users\/1"}],"replies":[{"embeddable":true,"href":"https:\/\/www.saltacapital.com.ar\/salta\/wp-json\/wp\/v2\/comments?post=7"}],"version-history":[{"count":40,"href":"https:\/\/www.saltacapital.com.ar\/salta\/wp-json\/wp\/v2\/pages\/7\/revisions"}],"predecessor-version":[{"id":235,"href":"https:\/\/www.saltacapital.com.ar\/salta\/wp-json\/wp\/v2\/pages\/7\/revisions\/235"}],"wp:attachment":[{"href":"https:\/\/www.saltacapital.com.ar\/salta\/wp-json\/wp\/v2\/media?parent=7"}],"curies":[{"name":"wp","href":"https:\/\/api.w.org\/{rel}","templated":true}]}}