{"id":173,"date":"2020-02-29T10:33:47","date_gmt":"2020-02-29T13:33:47","guid":{"rendered":"https:\/\/www.saltacapital.com.ar\/salta\/?page_id=173"},"modified":"2022-04-24T22:04:31","modified_gmt":"2022-04-25T01:04:31","slug":"servicios","status":"publish","type":"page","link":"https:\/\/www.saltacapital.com.ar\/salta\/servicios\/","title":{"rendered":"Servicios"},"content":{"rendered":"\n<h4 class=\"wp-block-heading\"><strong>Contamos con los siguientes servicios:<\/strong><\/h4>\n\n\n\n<ul class=\"wp-block-list\"><li> <em><strong>INVERSIONES Inmobiliarias:\u00a0<\/strong>COMPRAMOS PROPIEDADES con problemas de papeles y\/\u00f3 jur\u00eddicos. Sucesiones, posesiones, boletos de compraventa, con \u00f3 sin tenencia de ellos, <strong>en todo el pa\u00eds<\/strong>.<\/em><\/li><li><em><strong>DESARROLLOS Inmobiliarios:\u00a0<\/strong>Proyectos e inversi\u00f3n, fideicomisos, gerenciamiento de obras.<\/em><\/li><li><em><strong>Construcci\u00f3n en gral:\u00a0<\/strong>Viviendas, edificios, loteos, obras de arquitectura e ingenier\u00eda en gral.<\/em><\/li><li> <em><strong>POOL de inversiones:\u00a0<\/strong>Puede participar con un porcentaje en algunos de nuestros proyectos.<\/em><\/li><\/ul>\n\n\n\n<hr class=\"wp-block-separator\"\/>\n\n\n\n<ul class=\"wp-block-list\"><li><em><strong>Terrenos<\/strong>&nbsp;(Loteos)<\/em><\/li><li><em><strong>Casas &amp; Condominios<\/strong>&nbsp;(PH \u2013 Duplex)<\/em><\/li><li><em><strong>Edificios&nbsp;<\/strong>(Departamentos \u2013 Locales \u2013 Oficinas \u2013 Cocheras)<\/em><\/li><li><em><strong>Renta hotelera \/ Condo-Hotel&nbsp;<\/strong>(Pool de renta \/ Fractional)<\/em><\/li><\/ul>\n\n\n\n<p><strong>Consulte<\/strong> diferentes formas de <strong>financiaci\u00f3n<\/strong>, <strong>canje<\/strong> de m2, recibimos veh\u00edculos y propiedades en parte de pago.<\/p>\n\n\n\n<p>Contacto: <strong>salta@saltacapital.com.ar<\/strong><\/p>\n","protected":false},"excerpt":{"rendered":"<p>Contamos con los siguientes servicios: INVERSIONES Inmobiliarias:\u00a0COMPRAMOS PROPIEDADES con problemas de papeles y\/\u00f3 jur\u00eddicos. Sucesiones, posesiones, boletos de compraventa, con \u00f3 sin tenencia de ellos, en todo el pa\u00eds. DESARROLLOS Inmobiliarios:\u00a0Proyectos e inversi\u00f3n, fideicomisos, gerenciamiento de obras. Construcci\u00f3n en gral:\u00a0Viviendas, edificios, loteos, obras de arquitectura e ingenier\u00eda en gral. POOL de inversiones:\u00a0Puede participar con un&hellip; <br \/> <a class=\"read-more\" href=\"https:\/\/www.saltacapital.com.ar\/salta\/servicios\/\">Leer m\u00e1s<\/a><\/p>\n","protected":false},"author":1,"featured_media":0,"parent":0,"menu_order":0,"comment_status":"closed","ping_status":"closed","template":"","meta":{"footnotes":""},"class_list":["post-173","page","type-page","status-publish","hentry"],"_links":{"self":[{"href":"https:\/\/www.saltacapital.com.ar\/salta\/wp-json\/wp\/v2\/pages\/173","targetHints":{"allow":["GET"]}}],"collection":[{"href":"https:\/\/www.saltacapital.com.ar\/salta\/wp-json\/wp\/v2\/pages"}],"about":[{"href":"https:\/\/www.saltacapital.com.ar\/salta\/wp-json\/wp\/v2\/types\/page"}],"author":[{"embeddable":true,"href":"https:\/\/www.saltacapital.com.ar\/salta\/wp-json\/wp\/v2\/users\/1"}],"replies":[{"embeddable":true,"href":"https:\/\/www.saltacapital.com.ar\/salta\/wp-json\/wp\/v2\/comments?post=173"}],"version-history":[{"count":14,"href":"https:\/\/www.saltacapital.com.ar\/salta\/wp-json\/wp\/v2\/pages\/173\/revisions"}],"predecessor-version":[{"id":231,"href":"https:\/\/www.saltacapital.com.ar\/salta\/wp-json\/wp\/v2\/pages\/173\/revisions\/231"}],"wp:attachment":[{"href":"https:\/\/www.saltacapital.com.ar\/salta\/wp-json\/wp\/v2\/media?parent=173"}],"curies":[{"name":"wp","href":"https:\/\/api.w.org\/{rel}","templated":true}]}}