{"id":152,"date":"2019-09-05T09:23:45","date_gmt":"2019-09-05T12:23:45","guid":{"rendered":"https:\/\/www.saltacapital.com.ar\/salta\/?page_id=152"},"modified":"2019-09-05T09:27:29","modified_gmt":"2019-09-05T12:27:29","slug":"indices","status":"publish","type":"page","link":"https:\/\/www.saltacapital.com.ar\/salta\/indices\/","title":{"rendered":"Indices"},"content":{"rendered":"\n<p><strong><a href=\"https:\/\/www.cifrasonline.com.ar\/indice-cac\/\" target=\"_blank\" rel=\"noreferrer noopener\" aria-label=\" (abre en una nueva pesta\u00f1a)\">Indice C.A.C.<\/a><\/strong>: Indice del costo de construcci\u00f3n de la\u00a0<strong>C<\/strong>\u00e1mara\u00a0<strong>A<\/strong>rgentina de la\u00a0<strong>C<\/strong>onstrucci\u00f3n.<\/p>\n\n\n\n<ul class=\"wp-block-list\"><li>Indice C.A.C. _ Diciembre 2.017:&nbsp;<strong>212.70<\/strong><\/li><li>Indice C.A.C. \u2013 Actual:&nbsp;<strong><a href=\"https:\/\/www.cifrasonline.com.ar\/indice-cac\/\" target=\"_blank\" rel=\"noreferrer noopener\">(hace click para ver C.A.C.)<\/a><\/strong><\/li><\/ul>\n\n\n\n<hr class=\"wp-block-separator\"\/>\n\n\n\n<p><strong><a href=\"http:\/\/www.bcra.gob.ar\/\" target=\"_blank\" rel=\"noreferrer noopener\">Indice UVA<\/a><\/strong>:&nbsp;<strong>U<\/strong>nidad de&nbsp;<strong>V<\/strong>alor&nbsp;<strong>A<\/strong>dquisitivo, seg\u00fan informaci\u00f3n del&nbsp;<a href=\"http:\/\/www.bcra.gob.ar\/\" target=\"_blank\" rel=\"noreferrer noopener\"><strong>BCRA<\/strong><\/a><\/p>\n\n\n\n<ul class=\"wp-block-list\"><li>Valor UVA al 31\/03\/16:&nbsp;<strong>$14.05<\/strong><\/li><li>Valor U.V.A. actual:&nbsp;<strong><a href=\"http:\/\/www.bcra.gob.ar\/\" target=\"_blank\" rel=\"noreferrer noopener\">(hace click para ver U.V.A.)<\/a><\/strong><\/li><\/ul>\n\n\n\n<hr class=\"wp-block-separator\"\/>\n\n\n\n<p><a href=\"http:\/\/www.bna.com.ar\/\" target=\"_blank\" rel=\"noreferrer noopener\"><strong>Valor del d\u00f3lar<\/strong><\/a>:&nbsp;Seg\u00fan informaci\u00f3n del&nbsp;<a href=\"http:\/\/www.bna.com.ar\/\" target=\"_blank\" rel=\"noreferrer noopener\"><strong>BNA<\/strong><\/a><\/p>\n\n\n\n<ul class=\"wp-block-list\"><li>Valor D\u00f3lar actual:&nbsp;<strong><a href=\"http:\/\/www.bna.com.ar\/\" target=\"_blank\" rel=\"noreferrer noopener\">(hace click para ver precio D\u00f3lar)<\/a><\/strong><\/li><\/ul>\n","protected":false},"excerpt":{"rendered":"<p>Indice C.A.C.: Indice del costo de construcci\u00f3n de la\u00a0C\u00e1mara\u00a0Argentina de la\u00a0Construcci\u00f3n. Indice C.A.C. _ Diciembre 2.017:&nbsp;212.70 Indice C.A.C. \u2013 Actual:&nbsp;(hace click para ver C.A.C.) Indice UVA:&nbsp;Unidad de&nbsp;Valor&nbsp;Adquisitivo, seg\u00fan informaci\u00f3n del&nbsp;BCRA Valor UVA al 31\/03\/16:&nbsp;$14.05 Valor U.V.A. actual:&nbsp;(hace click para ver U.V.A.) Valor del d\u00f3lar:&nbsp;Seg\u00fan informaci\u00f3n del&nbsp;BNA Valor D\u00f3lar actual:&nbsp;(hace click para ver precio D\u00f3lar)<\/p>\n","protected":false},"author":1,"featured_media":0,"parent":0,"menu_order":0,"comment_status":"closed","ping_status":"closed","template":"","meta":{"footnotes":""},"class_list":["post-152","page","type-page","status-publish","hentry"],"_links":{"self":[{"href":"https:\/\/www.saltacapital.com.ar\/salta\/wp-json\/wp\/v2\/pages\/152","targetHints":{"allow":["GET"]}}],"collection":[{"href":"https:\/\/www.saltacapital.com.ar\/salta\/wp-json\/wp\/v2\/pages"}],"about":[{"href":"https:\/\/www.saltacapital.com.ar\/salta\/wp-json\/wp\/v2\/types\/page"}],"author":[{"embeddable":true,"href":"https:\/\/www.saltacapital.com.ar\/salta\/wp-json\/wp\/v2\/users\/1"}],"replies":[{"embeddable":true,"href":"https:\/\/www.saltacapital.com.ar\/salta\/wp-json\/wp\/v2\/comments?post=152"}],"version-history":[{"count":2,"href":"https:\/\/www.saltacapital.com.ar\/salta\/wp-json\/wp\/v2\/pages\/152\/revisions"}],"predecessor-version":[{"id":154,"href":"https:\/\/www.saltacapital.com.ar\/salta\/wp-json\/wp\/v2\/pages\/152\/revisions\/154"}],"wp:attachment":[{"href":"https:\/\/www.saltacapital.com.ar\/salta\/wp-json\/wp\/v2\/media?parent=152"}],"curies":[{"name":"wp","href":"https:\/\/api.w.org\/{rel}","templated":true}]}}